{"id":471,"date":"2023-04-26T12:00:53","date_gmt":"2023-04-26T10:00:53","guid":{"rendered":"https:\/\/kopperaforvaltning.no\/?page_id=471"},"modified":"2023-05-25T10:47:24","modified_gmt":"2023-05-25T08:47:24","slug":"om-oss","status":"publish","type":"page","link":"https:\/\/kopperaforvaltning.no\/index.php\/om-oss\/","title":{"rendered":"Om oss"},"content":{"rendered":"\n<div class=\"wp-block-uagb-container uagb-block-feeb1b0a alignfull uagb-is-root-container\"><div class=\"uagb-container-inner-blocks-wrap\">\n<div class=\"wp-block-uagb-container uagb-block-1fa6183d\">\n<figure class=\"wp-block-image size-large is-resized\"><img loading=\"lazy\" decoding=\"async\" src=\"https:\/\/kopperaforvaltning.no\/wp-content\/uploads\/2023\/05\/black-textlogo-white-background-3000x451-1-e1684757258561-1024x154.png\" alt=\"\" class=\"wp-image-987\" width=\"630\" height=\"40\"\/><\/figure>\n<\/div>\n\n\n\n<div class=\"wp-block-uagb-container uagb-block-c374f6b1\"><div id=\"mega-menu-wrap-max_mega_menu_1\" class=\"mega-menu-wrap\"><div class=\"mega-menu-toggle\"><div class=\"mega-toggle-blocks-left\"><\/div><div class=\"mega-toggle-blocks-center\"><\/div><div class=\"mega-toggle-blocks-right\"><div class='mega-toggle-block mega-menu-toggle-animated-block mega-toggle-block-0' id='mega-toggle-block-0'><button aria-label=\"Toggle Menu\" class=\"mega-toggle-animated mega-toggle-animated-slider\" type=\"button\" aria-expanded=\"false\">\n                  <span class=\"mega-toggle-animated-box\">\n                    <span class=\"mega-toggle-animated-inner\"><\/span>\n                  <\/span>\n                <\/button><\/div><\/div><\/div><ul id=\"mega-menu-max_mega_menu_1\" class=\"mega-menu max-mega-menu mega-menu-horizontal mega-no-js\" data-event=\"hover_intent\" data-effect=\"disabled\" data-effect-speed=\"200\" data-effect-mobile=\"disabled\" data-effect-speed-mobile=\"0\" data-mobile-force-width=\"false\" data-second-click=\"go\" data-document-click=\"collapse\" data-vertical-behaviour=\"standard\" data-breakpoint=\"768\" data-unbind=\"true\" data-mobile-state=\"collapse_all\" data-hover-intent-timeout=\"300\" data-hover-intent-interval=\"100\"><li class='mega-menu-item mega-menu-item-type-post_type mega-menu-item-object-page mega-menu-item-home mega-align-bottom-left mega-menu-flyout mega-menu-item-877' id='mega-menu-item-877'><a class=\"mega-menu-link\" href=\"https:\/\/kopperaforvaltning.no\/\" tabindex=\"0\">Forside<\/a><\/li><li class='mega-menu-item mega-menu-item-type-post_type mega-menu-item-object-page mega-align-bottom-left mega-menu-flyout mega-menu-item-880' id='mega-menu-item-880'><a class=\"mega-menu-link\" href=\"https:\/\/kopperaforvaltning.no\/index.php\/produkter-og-tjenester\/\" tabindex=\"0\">Produkter og tjenester<\/a><\/li><li class='mega-menu-item mega-menu-item-type-post_type mega-menu-item-object-page mega-align-bottom-left mega-menu-flyout mega-menu-item-879' id='mega-menu-item-879'><a class=\"mega-menu-link\" href=\"https:\/\/kopperaforvaltning.no\/index.php\/om-oss\/\" tabindex=\"0\">Om oss<\/a><\/li><li class='mega-menu-item mega-menu-item-type-post_type mega-menu-item-object-page mega-align-bottom-left mega-menu-flyout mega-menu-item-878' id='mega-menu-item-878'><a class=\"mega-menu-link\" href=\"https:\/\/kopperaforvaltning.no\/index.php\/kontakt-oss\/\" tabindex=\"0\">Kontakt oss<\/a><\/li><\/ul><\/div><\/div>\n\n\n\n<div class=\"wp-block-uagb-container uagb-block-eedb877f\"><\/div>\n<\/div><\/div>\n\n\n\n<div class=\"wp-block-cover alignfull is-light\" style=\"min-height:500px;aspect-ratio:unset;\"><span aria-hidden=\"true\" class=\"wp-block-cover__background has-background-dim-0 has-background-dim\"><\/span><img loading=\"lazy\" decoding=\"async\" width=\"1920\" height=\"722\" class=\"wp-block-cover__image-background wp-image-818\" alt=\"\" src=\"https:\/\/kopperaforvaltning.no\/wp-content\/uploads\/2023\/04\/fasade-02sv.jpg\" data-object-fit=\"cover\" srcset=\"https:\/\/kopperaforvaltning.no\/wp-content\/uploads\/2023\/04\/fasade-02sv.jpg 1920w, https:\/\/kopperaforvaltning.no\/wp-content\/uploads\/2023\/04\/fasade-02sv-300x113.jpg 300w, https:\/\/kopperaforvaltning.no\/wp-content\/uploads\/2023\/04\/fasade-02sv-1024x385.jpg 1024w, https:\/\/kopperaforvaltning.no\/wp-content\/uploads\/2023\/04\/fasade-02sv-768x289.jpg 768w, https:\/\/kopperaforvaltning.no\/wp-content\/uploads\/2023\/04\/fasade-02sv-1536x578.jpg 1536w\" sizes=\"auto, (max-width: 1920px) 100vw, 1920px\" \/><div class=\"wp-block-cover__inner-container is-layout-flow wp-block-cover-is-layout-flow\">\n<div style=\"height:100px\" aria-hidden=\"true\" class=\"wp-block-spacer\"><\/div>\n<\/div><\/div>\n\n\n\n<div class=\"wp-block-group alignfull has-ast-global-color-5-background-color has-background is-layout-constrained wp-block-group-is-layout-constrained\">\n<h2 class=\"wp-block-heading has-text-align-center has-ast-global-color-2-color has-text-color\">Om oss<\/h2>\n\n\n\n<p class=\"has-text-align-center has-ast-global-color-3-color has-text-color\">Kopper\u00e5 Forvaltning ble etablert i 1992 etter \u00e5 ha blitt utskilt fra Elkem, og er i dag en handelsbedrift som tilbyr et bredt spekter av arbeidskl\u00e6r, byggevarer, verkt\u00f8y og forbruksvarer. Forn\u00f8yde kunder er v\u00e5rt hovedfokus, og v\u00e5re ansatte liker \u00e5 yte den beste kundeservicen. V\u00e5re kunder er alt fra bedrifter og institusjoner til b\u00f8nder, hus- og hytteeiere.<\/p>\n<\/div>\n\n\n\n<div class=\"wp-block-uagb-container uagb-block-5e0434a3 alignfull uagb-is-root-container\"><div class=\"uagb-container-inner-blocks-wrap\">\n<div class=\"wp-block-group alignfull is-content-justification-space-between is-layout-flex wp-container-core-group-is-layout-83af0991 wp-block-group-is-layout-flex\" style=\"margin-top:0;margin-bottom:0;padding-top:var(--wp--preset--spacing--50);padding-right:var(--wp--preset--spacing--30);padding-bottom:var(--wp--preset--spacing--50);padding-left:var(--wp--preset--spacing--30)\">\n<div class=\"wp-block-group wp-container-content-9cfa9a5a is-vertical is-layout-flex wp-container-core-group-is-layout-2d729e81 wp-block-group-is-layout-flex\">\n<p class=\"has-text-align-left\">Kopper\u00e5 Forvaltning AS&nbsp;<br>Kopper\u00e5veien 268<br>7533 Kopper\u00e5<br>Telefon: 74814150<br>Mobil: 938 53 206<br><br>Org.nr.: NO 963 090 463 MVA<\/p>\n\n\n\n<p class=\"has-text-align-left has-small-font-size\">Kopper\u00e5 Forvaltning \u00a9 2023 <\/p>\n\n\n\n<div style=\"height:24px\" aria-hidden=\"true\" class=\"wp-block-spacer\"><\/div>\n<\/div>\n\n\n\n<div class=\"wp-block-group is-content-justification-right is-layout-flex wp-container-core-group-is-layout-35d1f3ed wp-block-group-is-layout-flex\">\n<div class=\"wp-block-group is-vertical is-layout-flex wp-container-core-group-is-layout-fe9cc265 wp-block-group-is-layout-flex\">\n<p class=\"has-text-align-left\">Kundeservice<\/p>\n\n\n<nav class=\"has-small-font-size items-justified-left is-vertical no-wrap wp-block-navigation is-content-justification-left is-nowrap is-layout-flex wp-container-core-navigation-is-layout-09588ffd wp-block-navigation-is-layout-flex\" aria-label=\"Hovedmeny\"><\/nav>\n\n\n<div style=\"height:24px\" aria-hidden=\"true\" class=\"wp-block-spacer\"><\/div>\n<\/div>\n\n\n\n<div class=\"wp-block-group is-vertical is-layout-flex wp-container-core-group-is-layout-fe9cc265 wp-block-group-is-layout-flex\">\n<p class=\"has-text-align-left\">Sosiale medier<\/p>\n\n\n\n<div class=\"wp-block-group is-vertical is-content-justification-left is-layout-flex wp-container-core-group-is-layout-32091062 wp-block-group-is-layout-flex\">\n<p class=\"has-background-color has-text-color has-link-color wp-elements-3272ed6100a14658e1ce954b94715db5\"><a href=\"https:\/\/www.facebook.com\/industrigrossisten\/\">Facebook<\/a><\/p>\n\n\n\n<p class=\"has-primary-color has-text-color\">Youtube<\/p>\n<\/div>\n\n\n\n<div style=\"height:24px\" aria-hidden=\"true\" class=\"wp-block-spacer\"><\/div>\n<\/div>\n<\/div>\n<\/div>\n<\/div><\/div>\n","protected":false},"excerpt":{"rendered":"<p>Om oss Kopper\u00e5 Forvaltning ble etablert i 1992 etter \u00e5 ha blitt utskilt fra Elkem, og er i dag en handelsbedrift som tilbyr et bredt spekter av arbeidskl\u00e6r, byggevarer, verkt\u00f8y og forbruksvarer. Forn\u00f8yde kunder er v\u00e5rt hovedfokus, og v\u00e5re ansatte liker \u00e5 yte den beste kundeservicen. V\u00e5re kunder er alt fra bedrifter og institusjoner til [&hellip;]<\/p>\n","protected":false},"author":1,"featured_media":0,"parent":0,"menu_order":0,"comment_status":"closed","ping_status":"closed","template":"blank","meta":{"_uag_custom_page_level_css":"","footnotes":""},"class_list":["post-471","page","type-page","status-publish","hentry"],"yoast_head":"<!-- This site is optimized with the Yoast SEO plugin v22.7 - https:\/\/yoast.com\/wordpress\/plugins\/seo\/ -->\n<title>Om oss - Kopper\u00e5 Forvaltning AS<\/title>\n<meta name=\"description\" content=\"Kopper\u00e5 Forvaltning ble etablert i 1992 etter \u00e5 ha blitt utskilt fra Elkem, og er i dag en handelsbedrift som tilbyr et bredt spekter av arbeidskl\u00e6r, byggevarer, verkt\u00f8y og forbruksvarer.\" \/>\n<meta name=\"robots\" content=\"index, follow, max-snippet:-1, max-image-preview:large, max-video-preview:-1\" \/>\n<link rel=\"canonical\" href=\"https:\/\/kopperaforvaltning.no\/index.php\/om-oss\/\" \/>\n<meta property=\"og:locale\" content=\"nb_NO\" \/>\n<meta property=\"og:type\" content=\"article\" \/>\n<meta property=\"og:title\" content=\"Om oss - Kopper\u00e5 Forvaltning AS\" \/>\n<meta property=\"og:description\" content=\"Kopper\u00e5 Forvaltning ble etablert i 1992 etter \u00e5 ha blitt utskilt fra Elkem, og er i dag en handelsbedrift som tilbyr et bredt spekter av arbeidskl\u00e6r, byggevarer, verkt\u00f8y og forbruksvarer.\" \/>\n<meta property=\"og:url\" content=\"https:\/\/kopperaforvaltning.no\/index.php\/om-oss\/\" \/>\n<meta property=\"og:site_name\" content=\"Kopper\u00e5 Forvaltning AS\" \/>\n<meta property=\"article:modified_time\" content=\"2023-05-25T08:47:24+00:00\" \/>\n<meta property=\"og:image\" content=\"https:\/\/kopperaforvaltning.no\/wp-content\/uploads\/2023\/05\/black-textlogo-white-background-3000x451-1-e1684757258561-1024x154.png\" \/>\n<meta name=\"twitter:card\" content=\"summary_large_image\" \/>\n<meta name=\"twitter:label1\" content=\"Ansl. lesetid\" \/>\n\t<meta name=\"twitter:data1\" content=\"1 minutt\" \/>\n<script type=\"application\/ld+json\" class=\"yoast-schema-graph\">{\"@context\":\"https:\/\/schema.org\",\"@graph\":[{\"@type\":\"WebPage\",\"@id\":\"https:\/\/kopperaforvaltning.no\/index.php\/om-oss\/\",\"url\":\"https:\/\/kopperaforvaltning.no\/index.php\/om-oss\/\",\"name\":\"Om oss - Kopper\u00e5 Forvaltning AS\",\"isPartOf\":{\"@id\":\"https:\/\/kopperaforvaltning.no\/#website\"},\"primaryImageOfPage\":{\"@id\":\"https:\/\/kopperaforvaltning.no\/index.php\/om-oss\/#primaryimage\"},\"image\":{\"@id\":\"https:\/\/kopperaforvaltning.no\/index.php\/om-oss\/#primaryimage\"},\"thumbnailUrl\":\"https:\/\/kopperaforvaltning.no\/wp-content\/uploads\/2023\/05\/black-textlogo-white-background-3000x451-1-e1684757258561-1024x154.png\",\"datePublished\":\"2023-04-26T10:00:53+00:00\",\"dateModified\":\"2023-05-25T08:47:24+00:00\",\"description\":\"Kopper\u00e5 Forvaltning ble etablert i 1992 etter \u00e5 ha blitt utskilt fra Elkem, og er i dag en handelsbedrift som tilbyr et bredt spekter av arbeidskl\u00e6r, byggevarer, verkt\u00f8y og forbruksvarer.\",\"breadcrumb\":{\"@id\":\"https:\/\/kopperaforvaltning.no\/index.php\/om-oss\/#breadcrumb\"},\"inLanguage\":\"nb-NO\",\"potentialAction\":[{\"@type\":\"ReadAction\",\"target\":[\"https:\/\/kopperaforvaltning.no\/index.php\/om-oss\/\"]}]},{\"@type\":\"ImageObject\",\"inLanguage\":\"nb-NO\",\"@id\":\"https:\/\/kopperaforvaltning.no\/index.php\/om-oss\/#primaryimage\",\"url\":\"https:\/\/kopperaforvaltning.no\/wp-content\/uploads\/2023\/05\/black-textlogo-white-background-3000x451-1-e1684757258561.png\",\"contentUrl\":\"https:\/\/kopperaforvaltning.no\/wp-content\/uploads\/2023\/05\/black-textlogo-white-background-3000x451-1-e1684757258561.png\",\"width\":1920,\"height\":289},{\"@type\":\"BreadcrumbList\",\"@id\":\"https:\/\/kopperaforvaltning.no\/index.php\/om-oss\/#breadcrumb\",\"itemListElement\":[{\"@type\":\"ListItem\",\"position\":1,\"name\":\"Hjem\",\"item\":\"https:\/\/kopperaforvaltning.no\/\"},{\"@type\":\"ListItem\",\"position\":2,\"name\":\"Om oss\"}]},{\"@type\":\"WebSite\",\"@id\":\"https:\/\/kopperaforvaltning.no\/#website\",\"url\":\"https:\/\/kopperaforvaltning.no\/\",\"name\":\"Kopper\u00e5 Forvaltning AS\",\"description\":\"Totalleverand\u00f8r av arbeidskl\u00e6r, byggevarer, verkt\u00f8y og forbruksvarer.\",\"publisher\":{\"@id\":\"https:\/\/kopperaforvaltning.no\/#organization\"},\"potentialAction\":[{\"@type\":\"SearchAction\",\"target\":{\"@type\":\"EntryPoint\",\"urlTemplate\":\"https:\/\/kopperaforvaltning.no\/?s={search_term_string}\"},\"query-input\":\"required name=search_term_string\"}],\"inLanguage\":\"nb-NO\"},{\"@type\":\"Organization\",\"@id\":\"https:\/\/kopperaforvaltning.no\/#organization\",\"name\":\"Kopper\u00e5 Forvaltning AS\",\"url\":\"https:\/\/kopperaforvaltning.no\/\",\"logo\":{\"@type\":\"ImageObject\",\"inLanguage\":\"nb-NO\",\"@id\":\"https:\/\/kopperaforvaltning.no\/#\/schema\/logo\/image\/\",\"url\":\"https:\/\/kopperaforvaltning.no\/wp-content\/uploads\/2023\/05\/text_margin_transparent_customcolor.png\",\"contentUrl\":\"https:\/\/kopperaforvaltning.no\/wp-content\/uploads\/2023\/05\/text_margin_transparent_customcolor.png\",\"width\":1920,\"height\":1152,\"caption\":\"Kopper\u00e5 Forvaltning AS\"},\"image\":{\"@id\":\"https:\/\/kopperaforvaltning.no\/#\/schema\/logo\/image\/\"}}]}<\/script>\n<!-- \/ Yoast SEO plugin. -->","yoast_head_json":{"title":"Om oss - Kopper\u00e5 Forvaltning AS","description":"Kopper\u00e5 Forvaltning ble etablert i 1992 etter \u00e5 ha blitt utskilt fra Elkem, og er i dag en handelsbedrift som tilbyr et bredt spekter av arbeidskl\u00e6r, byggevarer, verkt\u00f8y og forbruksvarer.","robots":{"index":"index","follow":"follow","max-snippet":"max-snippet:-1","max-image-preview":"max-image-preview:large","max-video-preview":"max-video-preview:-1"},"canonical":"https:\/\/kopperaforvaltning.no\/index.php\/om-oss\/","og_locale":"nb_NO","og_type":"article","og_title":"Om oss - Kopper\u00e5 Forvaltning AS","og_description":"Kopper\u00e5 Forvaltning ble etablert i 1992 etter \u00e5 ha blitt utskilt fra Elkem, og er i dag en handelsbedrift som tilbyr et bredt spekter av arbeidskl\u00e6r, byggevarer, verkt\u00f8y og forbruksvarer.","og_url":"https:\/\/kopperaforvaltning.no\/index.php\/om-oss\/","og_site_name":"Kopper\u00e5 Forvaltning AS","article_modified_time":"2023-05-25T08:47:24+00:00","og_image":[{"url":"https:\/\/kopperaforvaltning.no\/wp-content\/uploads\/2023\/05\/black-textlogo-white-background-3000x451-1-e1684757258561-1024x154.png"}],"twitter_card":"summary_large_image","twitter_misc":{"Ansl. lesetid":"1 minutt"},"schema":{"@context":"https:\/\/schema.org","@graph":[{"@type":"WebPage","@id":"https:\/\/kopperaforvaltning.no\/index.php\/om-oss\/","url":"https:\/\/kopperaforvaltning.no\/index.php\/om-oss\/","name":"Om oss - Kopper\u00e5 Forvaltning AS","isPartOf":{"@id":"https:\/\/kopperaforvaltning.no\/#website"},"primaryImageOfPage":{"@id":"https:\/\/kopperaforvaltning.no\/index.php\/om-oss\/#primaryimage"},"image":{"@id":"https:\/\/kopperaforvaltning.no\/index.php\/om-oss\/#primaryimage"},"thumbnailUrl":"https:\/\/kopperaforvaltning.no\/wp-content\/uploads\/2023\/05\/black-textlogo-white-background-3000x451-1-e1684757258561-1024x154.png","datePublished":"2023-04-26T10:00:53+00:00","dateModified":"2023-05-25T08:47:24+00:00","description":"Kopper\u00e5 Forvaltning ble etablert i 1992 etter \u00e5 ha blitt utskilt fra Elkem, og er i dag en handelsbedrift som tilbyr et bredt spekter av arbeidskl\u00e6r, byggevarer, verkt\u00f8y og forbruksvarer.","breadcrumb":{"@id":"https:\/\/kopperaforvaltning.no\/index.php\/om-oss\/#breadcrumb"},"inLanguage":"nb-NO","potentialAction":[{"@type":"ReadAction","target":["https:\/\/kopperaforvaltning.no\/index.php\/om-oss\/"]}]},{"@type":"ImageObject","inLanguage":"nb-NO","@id":"https:\/\/kopperaforvaltning.no\/index.php\/om-oss\/#primaryimage","url":"https:\/\/kopperaforvaltning.no\/wp-content\/uploads\/2023\/05\/black-textlogo-white-background-3000x451-1-e1684757258561.png","contentUrl":"https:\/\/kopperaforvaltning.no\/wp-content\/uploads\/2023\/05\/black-textlogo-white-background-3000x451-1-e1684757258561.png","width":1920,"height":289},{"@type":"BreadcrumbList","@id":"https:\/\/kopperaforvaltning.no\/index.php\/om-oss\/#breadcrumb","itemListElement":[{"@type":"ListItem","position":1,"name":"Hjem","item":"https:\/\/kopperaforvaltning.no\/"},{"@type":"ListItem","position":2,"name":"Om oss"}]},{"@type":"WebSite","@id":"https:\/\/kopperaforvaltning.no\/#website","url":"https:\/\/kopperaforvaltning.no\/","name":"Kopper\u00e5 Forvaltning AS","description":"Totalleverand\u00f8r av arbeidskl\u00e6r, byggevarer, verkt\u00f8y og forbruksvarer.","publisher":{"@id":"https:\/\/kopperaforvaltning.no\/#organization"},"potentialAction":[{"@type":"SearchAction","target":{"@type":"EntryPoint","urlTemplate":"https:\/\/kopperaforvaltning.no\/?s={search_term_string}"},"query-input":"required name=search_term_string"}],"inLanguage":"nb-NO"},{"@type":"Organization","@id":"https:\/\/kopperaforvaltning.no\/#organization","name":"Kopper\u00e5 Forvaltning AS","url":"https:\/\/kopperaforvaltning.no\/","logo":{"@type":"ImageObject","inLanguage":"nb-NO","@id":"https:\/\/kopperaforvaltning.no\/#\/schema\/logo\/image\/","url":"https:\/\/kopperaforvaltning.no\/wp-content\/uploads\/2023\/05\/text_margin_transparent_customcolor.png","contentUrl":"https:\/\/kopperaforvaltning.no\/wp-content\/uploads\/2023\/05\/text_margin_transparent_customcolor.png","width":1920,"height":1152,"caption":"Kopper\u00e5 Forvaltning AS"},"image":{"@id":"https:\/\/kopperaforvaltning.no\/#\/schema\/logo\/image\/"}}]}},"uagb_featured_image_src":{"full":false,"thumbnail":false,"medium":false,"medium_large":false,"large":false,"1536x1536":false,"2048x2048":false,"woocommerce_thumbnail":false,"woocommerce_single":false,"woocommerce_gallery_thumbnail":false},"uagb_author_info":{"display_name":"admin","author_link":"https:\/\/kopperaforvaltning.no\/index.php\/author\/admin_0j97jl69\/"},"uagb_comment_info":0,"uagb_excerpt":"Om oss Kopper\u00e5 Forvaltning ble etablert i 1992 etter \u00e5 ha blitt utskilt fra Elkem, og er i dag en handelsbedrift som tilbyr et bredt spekter av arbeidskl\u00e6r, byggevarer, verkt\u00f8y og forbruksvarer. Forn\u00f8yde kunder er v\u00e5rt hovedfokus, og v\u00e5re ansatte liker \u00e5 yte den beste kundeservicen. V\u00e5re kunder er alt fra bedrifter og institusjoner til&hellip;","_links":{"self":[{"href":"https:\/\/kopperaforvaltning.no\/index.php\/wp-json\/wp\/v2\/pages\/471","targetHints":{"allow":["GET"]}}],"collection":[{"href":"https:\/\/kopperaforvaltning.no\/index.php\/wp-json\/wp\/v2\/pages"}],"about":[{"href":"https:\/\/kopperaforvaltning.no\/index.php\/wp-json\/wp\/v2\/types\/page"}],"author":[{"embeddable":true,"href":"https:\/\/kopperaforvaltning.no\/index.php\/wp-json\/wp\/v2\/users\/1"}],"replies":[{"embeddable":true,"href":"https:\/\/kopperaforvaltning.no\/index.php\/wp-json\/wp\/v2\/comments?post=471"}],"version-history":[{"count":19,"href":"https:\/\/kopperaforvaltning.no\/index.php\/wp-json\/wp\/v2\/pages\/471\/revisions"}],"predecessor-version":[{"id":1064,"href":"https:\/\/kopperaforvaltning.no\/index.php\/wp-json\/wp\/v2\/pages\/471\/revisions\/1064"}],"wp:attachment":[{"href":"https:\/\/kopperaforvaltning.no\/index.php\/wp-json\/wp\/v2\/media?parent=471"}],"curies":[{"name":"wp","href":"https:\/\/api.w.org\/{rel}","templated":true}]}}